{"id":32254,"date":"2026-02-19T03:03:47","date_gmt":"2026-02-19T03:03:47","guid":{"rendered":"https:\/\/bgbideas.com.ar\/merchandising\/producto\/kit-notes-stanford-rpet\/"},"modified":"2026-04-04T03:13:04","modified_gmt":"2026-04-04T03:13:04","slug":"kit-notes-stanford-rpet","status":"publish","type":"product","link":"https:\/\/bgbideas.com.ar\/merchandising\/producto\/kit-notes-stanford-rpet\/","title":{"rendered":"Kit Notes Stanford rPet"},"content":{"rendered":"<p>Cuaderno Stanford RPET con Stic pen de regalo.<br \/>\nCuaderno A5 de tapa dura en tejido RPET reciclado con 96 hojas rayadas, cinta marcap\u00e1ginas, cierre el\u00e1stico al tono y sobre interior en la contratapa. Incluye de regalo un bol\u00edgrafo Stic Pen con tinta negra, liviano, c\u00f3modo y de escritura suave.<\/p>\n","protected":false},"excerpt":{"rendered":"<p>Notes Stanford rPet + Bol\u00edgrafo Stic Pen<\/p>\n","protected":false},"featured_media":0,"template":"","meta":{"_joinchat":[],"footnotes":""},"product_cat":[15],"product_tag":[],"class_list":["post-32254","product","type-product","status-publish","hentry","product_cat-productos"],"acf":[],"_links":{"self":[{"href":"https:\/\/bgbideas.com.ar\/merchandising\/wp-json\/wp\/v2\/product\/32254","targetHints":{"allow":["GET"]}}],"collection":[{"href":"https:\/\/bgbideas.com.ar\/merchandising\/wp-json\/wp\/v2\/product"}],"about":[{"href":"https:\/\/bgbideas.com.ar\/merchandising\/wp-json\/wp\/v2\/types\/product"}],"version-history":[{"count":0,"href":"https:\/\/bgbideas.com.ar\/merchandising\/wp-json\/wp\/v2\/product\/32254\/revisions"}],"wp:attachment":[{"href":"https:\/\/bgbideas.com.ar\/merchandising\/wp-json\/wp\/v2\/media?parent=32254"}],"wp:term":[{"taxonomy":"product_cat","embeddable":true,"href":"https:\/\/bgbideas.com.ar\/merchandising\/wp-json\/wp\/v2\/product_cat?post=32254"},{"taxonomy":"product_tag","embeddable":true,"href":"https:\/\/bgbideas.com.ar\/merchandising\/wp-json\/wp\/v2\/product_tag?post=32254"}],"curies":[{"name":"wp","href":"https:\/\/api.w.org\/{rel}","templated":true}]}}