{"id":32122,"date":"2025-12-19T03:04:27","date_gmt":"2025-12-19T03:04:27","guid":{"rendered":"https:\/\/bgbideas.com.ar\/merchandising\/producto\/kit-lunch-time-plus\/"},"modified":"2026-03-10T03:45:38","modified_gmt":"2026-03-10T03:45:38","slug":"kit-lunch-time-plus","status":"publish","type":"product","link":"https:\/\/bgbideas.com.ar\/merchandising\/producto\/kit-lunch-time-plus\/","title":{"rendered":"Kit Lunch Time Plus"},"content":{"rendered":"<p>El Kit Lunch Time \u2013 Plus est\u00e1 pensado para acompa\u00f1ar a los chicos en la hora del almuerzo con productos c\u00f3modos y funcionales que mantienen la comida y las bebidas en la temperatura adecuada. Incluye una lunchera Thermos soft con cierre, pr\u00e1ctica para transportar colaciones y comidas de forma segura, una botella t\u00e9rmica Thermos FUNtainer con sorbete, ideal para mantener las bebidas fr\u00edas durante m\u00e1s tiempo y facilitar la hidrataci\u00f3n, y un contenedor t\u00e9rmico Thermos FUNtainer de 290 ml, perfecto para alimentos calientes o fr\u00edos que necesiten conservar su temperatura hasta el momento de comer. Es un kit listo para usar, pensado para escuelas o propuestas de inicio de ciclo que buscan una opci\u00f3n superior para la rutina diaria.<\/p>\n","protected":false},"excerpt":{"rendered":"<p>Kit premium para el almuerzo<\/p>\n","protected":false},"featured_media":0,"template":"","meta":{"_joinchat":[],"footnotes":""},"product_cat":[15],"product_tag":[],"class_list":["post-32122","product","type-product","status-publish","hentry","product_cat-productos"],"acf":[],"_links":{"self":[{"href":"https:\/\/bgbideas.com.ar\/merchandising\/wp-json\/wp\/v2\/product\/32122","targetHints":{"allow":["GET"]}}],"collection":[{"href":"https:\/\/bgbideas.com.ar\/merchandising\/wp-json\/wp\/v2\/product"}],"about":[{"href":"https:\/\/bgbideas.com.ar\/merchandising\/wp-json\/wp\/v2\/types\/product"}],"version-history":[{"count":0,"href":"https:\/\/bgbideas.com.ar\/merchandising\/wp-json\/wp\/v2\/product\/32122\/revisions"}],"wp:attachment":[{"href":"https:\/\/bgbideas.com.ar\/merchandising\/wp-json\/wp\/v2\/media?parent=32122"}],"wp:term":[{"taxonomy":"product_cat","embeddable":true,"href":"https:\/\/bgbideas.com.ar\/merchandising\/wp-json\/wp\/v2\/product_cat?post=32122"},{"taxonomy":"product_tag","embeddable":true,"href":"https:\/\/bgbideas.com.ar\/merchandising\/wp-json\/wp\/v2\/product_tag?post=32122"}],"curies":[{"name":"wp","href":"https:\/\/api.w.org\/{rel}","templated":true}]}}