{"id":32115,"date":"2025-12-19T03:04:26","date_gmt":"2025-12-19T03:04:26","guid":{"rendered":"https:\/\/bgbideas.com.ar\/merchandising\/producto\/kit-kinder-standard\/"},"modified":"2026-03-10T03:45:37","modified_gmt":"2026-03-10T03:45:37","slug":"kit-kinder-standard","status":"publish","type":"product","link":"https:\/\/bgbideas.com.ar\/merchandising\/producto\/kit-kinder-standard\/","title":{"rendered":"Kit Kinder Standard"},"content":{"rendered":"<p>El Kit Kinder Standard re\u00fane los esenciales ideales para acompa\u00f1ar a los m\u00e1s chicos en su primera etapa del jard\u00edn. Incluye una bolsa String Best Value, que funciona como mochila y permite guardar todos los \u00fatiles de manera pr\u00e1ctica y c\u00f3moda, junto con una cartuchera School Colors pensada para organizar los \u00fatiles y llevar todo ordenado en su interior. Tambi\u00e9n suma los l\u00e1pices de colores School Mini, de colores intensos y en un tama\u00f1o perfecto para las manos peque\u00f1as propias de esta edad. Por \u00faltimo, incorpora los crayones de colores School, ideales para dibujar en el colegio o en casa y para que los chicos disfruten, exploren y se expresen a trav\u00e9s del color.<\/p>\n","protected":false},"excerpt":{"rendered":"<p>Kit b\u00e1sico para jard\u00edn<\/p>\n","protected":false},"featured_media":0,"template":"","meta":{"_joinchat":[],"footnotes":""},"product_cat":[15],"product_tag":[],"class_list":["post-32115","product","type-product","status-publish","hentry","product_cat-productos"],"acf":[],"_links":{"self":[{"href":"https:\/\/bgbideas.com.ar\/merchandising\/wp-json\/wp\/v2\/product\/32115","targetHints":{"allow":["GET"]}}],"collection":[{"href":"https:\/\/bgbideas.com.ar\/merchandising\/wp-json\/wp\/v2\/product"}],"about":[{"href":"https:\/\/bgbideas.com.ar\/merchandising\/wp-json\/wp\/v2\/types\/product"}],"version-history":[{"count":0,"href":"https:\/\/bgbideas.com.ar\/merchandising\/wp-json\/wp\/v2\/product\/32115\/revisions"}],"wp:attachment":[{"href":"https:\/\/bgbideas.com.ar\/merchandising\/wp-json\/wp\/v2\/media?parent=32115"}],"wp:term":[{"taxonomy":"product_cat","embeddable":true,"href":"https:\/\/bgbideas.com.ar\/merchandising\/wp-json\/wp\/v2\/product_cat?post=32115"},{"taxonomy":"product_tag","embeddable":true,"href":"https:\/\/bgbideas.com.ar\/merchandising\/wp-json\/wp\/v2\/product_tag?post=32115"}],"curies":[{"name":"wp","href":"https:\/\/api.w.org\/{rel}","templated":true}]}}