{"id":32063,"date":"2025-12-04T03:01:15","date_gmt":"2025-12-04T03:01:15","guid":{"rendered":"https:\/\/bgbideas.com.ar\/merchandising\/producto\/gpw-053a\/"},"modified":"2026-04-03T03:01:19","modified_gmt":"2026-04-03T03:01:19","slug":"gpw-053a","status":"publish","type":"product","link":"https:\/\/bgbideas.com.ar\/merchandising\/producto\/gpw-053a\/","title":{"rendered":"GPW-053A"},"content":{"rendered":"<p>CUADERNO ECO CUERO A6<\/p>\n<p>Cuaderno de tapas duras forrado en simil cuero PU. Posee 80 hojas rayadas, banda el\u00e1stica de sujecci\u00f3n al tono y cinta se\u00f1aladora.<\/p>\n<p>MATERIAL: Cart\u00f3n, papel, s\u00edmil cuero<\/p>\n<p>MEDIDAS: 14cm x 9cm x 1,5cm<\/p>\n","protected":false},"excerpt":{"rendered":"<p>CUADERNO ECO CUERO A6<\/p>\n<p>Cuaderno de tapas duras forrado en simil cuero PU. Posee 80 hojas rayadas, banda el\u00e1stica de sujecci\u00f3n al tono y cinta se\u00f1aladora.<\/p>\n<p>MATERIAL: Cart\u00f3n, papel, s\u00edmil cuero<\/p>\n<p>MEDIDAS: 14cm x 9cm x 1,5cm<\/p>\n","protected":false},"featured_media":0,"template":"","meta":{"_joinchat":[],"footnotes":""},"product_cat":[15],"product_tag":[],"class_list":["post-32063","product","type-product","status-publish","hentry","product_cat-productos"],"acf":[],"_links":{"self":[{"href":"https:\/\/bgbideas.com.ar\/merchandising\/wp-json\/wp\/v2\/product\/32063","targetHints":{"allow":["GET"]}}],"collection":[{"href":"https:\/\/bgbideas.com.ar\/merchandising\/wp-json\/wp\/v2\/product"}],"about":[{"href":"https:\/\/bgbideas.com.ar\/merchandising\/wp-json\/wp\/v2\/types\/product"}],"version-history":[{"count":0,"href":"https:\/\/bgbideas.com.ar\/merchandising\/wp-json\/wp\/v2\/product\/32063\/revisions"}],"wp:attachment":[{"href":"https:\/\/bgbideas.com.ar\/merchandising\/wp-json\/wp\/v2\/media?parent=32063"}],"wp:term":[{"taxonomy":"product_cat","embeddable":true,"href":"https:\/\/bgbideas.com.ar\/merchandising\/wp-json\/wp\/v2\/product_cat?post=32063"},{"taxonomy":"product_tag","embeddable":true,"href":"https:\/\/bgbideas.com.ar\/merchandising\/wp-json\/wp\/v2\/product_tag?post=32063"}],"curies":[{"name":"wp","href":"https:\/\/api.w.org\/{rel}","templated":true}]}}