{"id":32058,"date":"2025-12-04T03:01:15","date_gmt":"2025-12-04T03:01:15","guid":{"rendered":"https:\/\/bgbideas.com.ar\/merchandising\/producto\/gp2501\/"},"modified":"2026-04-05T03:01:26","modified_gmt":"2026-04-05T03:01:26","slug":"gp2501","status":"publish","type":"product","link":"https:\/\/bgbideas.com.ar\/merchandising\/producto\/gp2501\/","title":{"rendered":"GP2501"},"content":{"rendered":"<p>BOLIGRAFO SAND TIMER<\/p>\n<p>Bol\u00edgrafo retr\u00e1ctil con un peque\u00f1o reloj de arena en el interior. Cuerpo blanco, grip de goma, clip cristal y arena en varios colores.<\/p>\n","protected":false},"excerpt":{"rendered":"<p>BOLIGRAFO SAND TIMER<\/p>\n<p>Bol\u00edgrafo retr\u00e1ctil con un peque\u00f1o reloj de arena en el interior. Cuerpo blanco, grip de goma, clip cristal y arena en varios colores.<\/p>\n","protected":false},"featured_media":0,"template":"","meta":{"_joinchat":[],"footnotes":""},"product_cat":[15],"product_tag":[],"class_list":["post-32058","product","type-product","status-publish","hentry","product_cat-productos"],"acf":[],"_links":{"self":[{"href":"https:\/\/bgbideas.com.ar\/merchandising\/wp-json\/wp\/v2\/product\/32058","targetHints":{"allow":["GET"]}}],"collection":[{"href":"https:\/\/bgbideas.com.ar\/merchandising\/wp-json\/wp\/v2\/product"}],"about":[{"href":"https:\/\/bgbideas.com.ar\/merchandising\/wp-json\/wp\/v2\/types\/product"}],"version-history":[{"count":0,"href":"https:\/\/bgbideas.com.ar\/merchandising\/wp-json\/wp\/v2\/product\/32058\/revisions"}],"wp:attachment":[{"href":"https:\/\/bgbideas.com.ar\/merchandising\/wp-json\/wp\/v2\/media?parent=32058"}],"wp:term":[{"taxonomy":"product_cat","embeddable":true,"href":"https:\/\/bgbideas.com.ar\/merchandising\/wp-json\/wp\/v2\/product_cat?post=32058"},{"taxonomy":"product_tag","embeddable":true,"href":"https:\/\/bgbideas.com.ar\/merchandising\/wp-json\/wp\/v2\/product_tag?post=32058"}],"curies":[{"name":"wp","href":"https:\/\/api.w.org\/{rel}","templated":true}]}}