{"id":30881,"date":"2025-07-31T03:07:37","date_gmt":"2025-07-31T03:07:37","guid":{"rendered":"https:\/\/bgbideas.com.ar\/merchandising\/producto\/vaso-americano-2\/"},"modified":"2026-04-05T03:07:59","modified_gmt":"2026-04-05T03:07:59","slug":"vaso-americano-2","status":"publish","type":"product","link":"https:\/\/bgbideas.com.ar\/merchandising\/producto\/vaso-americano-2\/","title":{"rendered":"Vaso Americano"},"content":{"rendered":"<p>Vaso reutilizable fabricado en polipropileno con tapa de pl\u00e1stico duro y grip siliconado.<br \/>\nIdeal para caf\u00e9, t\u00e9 y mate cocido.<br \/>\nCapacidad 300 ml. Libre de BPA.<br \/>\nMedidas: 14 cm alto &#8211; \u00d85,5 cm base &#8211; \u00d89 cm tapa<br \/>\nTecnolog\u00eda de decoraci\u00f3n: Serigraf\u00eda, tampograf\u00eda, impresi\u00f3n digital.<br \/>\nCompuesto de 3 elementos: Cuerpo, grip y tapa.<\/p>\n","protected":false},"excerpt":{"rendered":"<p>Vaso t\u00e9rmico reutilizable compuesto de 3 elementos<\/p>\n","protected":false},"featured_media":30922,"template":"","meta":{"_joinchat":[],"footnotes":""},"product_cat":[15],"product_tag":[],"class_list":["post-30881","product","type-product","status-publish","has-post-thumbnail","hentry","product_cat-productos"],"acf":[],"_links":{"self":[{"href":"https:\/\/bgbideas.com.ar\/merchandising\/wp-json\/wp\/v2\/product\/30881","targetHints":{"allow":["GET"]}}],"collection":[{"href":"https:\/\/bgbideas.com.ar\/merchandising\/wp-json\/wp\/v2\/product"}],"about":[{"href":"https:\/\/bgbideas.com.ar\/merchandising\/wp-json\/wp\/v2\/types\/product"}],"version-history":[{"count":2,"href":"https:\/\/bgbideas.com.ar\/merchandising\/wp-json\/wp\/v2\/product\/30881\/revisions"}],"predecessor-version":[{"id":30933,"href":"https:\/\/bgbideas.com.ar\/merchandising\/wp-json\/wp\/v2\/product\/30881\/revisions\/30933"}],"wp:featuredmedia":[{"embeddable":true,"href":"https:\/\/bgbideas.com.ar\/merchandising\/wp-json\/wp\/v2\/media\/30922"}],"wp:attachment":[{"href":"https:\/\/bgbideas.com.ar\/merchandising\/wp-json\/wp\/v2\/media?parent=30881"}],"wp:term":[{"taxonomy":"product_cat","embeddable":true,"href":"https:\/\/bgbideas.com.ar\/merchandising\/wp-json\/wp\/v2\/product_cat?post=30881"},{"taxonomy":"product_tag","embeddable":true,"href":"https:\/\/bgbideas.com.ar\/merchandising\/wp-json\/wp\/v2\/product_tag?post=30881"}],"curies":[{"name":"wp","href":"https:\/\/api.w.org\/{rel}","templated":true}]}}