{"id":26190,"date":"2025-02-22T03:22:12","date_gmt":"2025-02-22T03:22:12","guid":{"rendered":"https:\/\/bgbideas.com.ar\/merchandising\/producto\/kit-beauty\/"},"modified":"2026-04-05T03:11:25","modified_gmt":"2026-04-05T03:11:25","slug":"kit-beauty","status":"publish","type":"product","link":"https:\/\/bgbideas.com.ar\/merchandising\/producto\/kit-beauty\/","title":{"rendered":"Kit Beauty"},"content":{"rendered":"<p>Combo de productos de belleza y cuidado personal. Creado para ofrecer productos pr\u00e1cticos y \u00fatiles para el d\u00eda a d\u00eda.<br \/>\nCompuesto por: 1 Espejo Cork + 1 Set Manicura + 1 Necessaire Elite + 1 Bolsa String Arpillera + 1 Botella Aluminio Eco Daily<br \/>\nCada producto se entrega con su packaging original.<\/p>\n","protected":false},"excerpt":{"rendered":"<p>Kit de belleza<\/p>\n","protected":false},"featured_media":27387,"template":"","meta":{"_joinchat":[],"footnotes":""},"product_cat":[15,2927,2921,2925],"product_tag":[],"class_list":["post-26190","product","type-product","status-publish","has-post-thumbnail","hentry","product_cat-productos","product_cat-accesorios-para-viajes","product_cat-cuidado-personal","product_cat-hogar-y-tiempo-libre"],"acf":[],"_links":{"self":[{"href":"https:\/\/bgbideas.com.ar\/merchandising\/wp-json\/wp\/v2\/product\/26190","targetHints":{"allow":["GET"]}}],"collection":[{"href":"https:\/\/bgbideas.com.ar\/merchandising\/wp-json\/wp\/v2\/product"}],"about":[{"href":"https:\/\/bgbideas.com.ar\/merchandising\/wp-json\/wp\/v2\/types\/product"}],"version-history":[{"count":4,"href":"https:\/\/bgbideas.com.ar\/merchandising\/wp-json\/wp\/v2\/product\/26190\/revisions"}],"predecessor-version":[{"id":31037,"href":"https:\/\/bgbideas.com.ar\/merchandising\/wp-json\/wp\/v2\/product\/26190\/revisions\/31037"}],"wp:featuredmedia":[{"embeddable":true,"href":"https:\/\/bgbideas.com.ar\/merchandising\/wp-json\/wp\/v2\/media\/27387"}],"wp:attachment":[{"href":"https:\/\/bgbideas.com.ar\/merchandising\/wp-json\/wp\/v2\/media?parent=26190"}],"wp:term":[{"taxonomy":"product_cat","embeddable":true,"href":"https:\/\/bgbideas.com.ar\/merchandising\/wp-json\/wp\/v2\/product_cat?post=26190"},{"taxonomy":"product_tag","embeddable":true,"href":"https:\/\/bgbideas.com.ar\/merchandising\/wp-json\/wp\/v2\/product_tag?post=26190"}],"curies":[{"name":"wp","href":"https:\/\/api.w.org\/{rel}","templated":true}]}}