{"id":24835,"date":"2024-11-21T03:13:22","date_gmt":"2024-11-21T03:13:22","guid":{"rendered":"https:\/\/bgbideas.com.ar\/merchandising\/producto\/kit-food-wine\/"},"modified":"2026-03-19T03:11:51","modified_gmt":"2026-03-19T03:11:51","slug":"kit-food-wine","status":"publish","type":"product","link":"https:\/\/bgbideas.com.ar\/merchandising\/producto\/kit-food-wine\/","title":{"rendered":"Kit Food &amp; Wine"},"content":{"rendered":"<p>Combo de productos de parrilla y vino. Creado para ofrecer productos pr\u00e1cticos e ideales para regalar. Compuesto por: 1 Tap\u00f3n de Vac\u00edo para Vino + 1 Tabla de Asado Poncho Pampa 50x30x3cm + 1 Delantal con Pechera + 1 Bolsa con Base Grande Bolsillo Interno. Cada producto se entrega con su packaging original.<\/p>\n","protected":false},"excerpt":{"rendered":"<p>Food &amp; Wine<\/p>\n","protected":false},"featured_media":24846,"template":"","meta":{"_joinchat":[],"footnotes":""},"product_cat":[15,3105,2925],"product_tag":[],"class_list":["post-24835","product","type-product","status-publish","has-post-thumbnail","hentry","product_cat-productos","product_cat-cocina","product_cat-hogar-y-tiempo-libre"],"acf":[],"_links":{"self":[{"href":"https:\/\/bgbideas.com.ar\/merchandising\/wp-json\/wp\/v2\/product\/24835","targetHints":{"allow":["GET"]}}],"collection":[{"href":"https:\/\/bgbideas.com.ar\/merchandising\/wp-json\/wp\/v2\/product"}],"about":[{"href":"https:\/\/bgbideas.com.ar\/merchandising\/wp-json\/wp\/v2\/types\/product"}],"version-history":[{"count":3,"href":"https:\/\/bgbideas.com.ar\/merchandising\/wp-json\/wp\/v2\/product\/24835\/revisions"}],"predecessor-version":[{"id":24880,"href":"https:\/\/bgbideas.com.ar\/merchandising\/wp-json\/wp\/v2\/product\/24835\/revisions\/24880"}],"wp:featuredmedia":[{"embeddable":true,"href":"https:\/\/bgbideas.com.ar\/merchandising\/wp-json\/wp\/v2\/media\/24846"}],"wp:attachment":[{"href":"https:\/\/bgbideas.com.ar\/merchandising\/wp-json\/wp\/v2\/media?parent=24835"}],"wp:term":[{"taxonomy":"product_cat","embeddable":true,"href":"https:\/\/bgbideas.com.ar\/merchandising\/wp-json\/wp\/v2\/product_cat?post=24835"},{"taxonomy":"product_tag","embeddable":true,"href":"https:\/\/bgbideas.com.ar\/merchandising\/wp-json\/wp\/v2\/product_tag?post=24835"}],"curies":[{"name":"wp","href":"https:\/\/api.w.org\/{rel}","templated":true}]}}