{"id":24725,"date":"2024-11-20T03:06:10","date_gmt":"2024-11-20T03:06:10","guid":{"rendered":"https:\/\/bgbideas.com.ar\/merchandising\/producto\/kit-essentials\/"},"modified":"2026-03-19T03:12:29","modified_gmt":"2026-03-19T03:12:29","slug":"kit-essentials","status":"publish","type":"product","link":"https:\/\/bgbideas.com.ar\/merchandising\/producto\/kit-essentials\/","title":{"rendered":"Kit Essentials"},"content":{"rendered":"<p>Combo de productos de oficina y cuidado personal. Creado para ofrecer productos pr\u00e1cticos y \u00fatiles para el d\u00eda a d\u00eda.<br \/>\nCompuesto por: 1 Mochila Herschel Classic + 1 Bol\u00edgrafo Parker Jotter + 1 Botella Contigo Jackson 2.0 + 1 Set Manicura Premium.<br \/>\nCada producto se entrega con su packaging original.<\/p>\n","protected":false},"excerpt":{"rendered":"<p>Kit con productos para tu d\u00eda a d\u00eda<\/p>\n","protected":false},"featured_media":24776,"template":"","meta":{"_joinchat":[],"footnotes":""},"product_cat":[15,2934,2938],"product_tag":[],"class_list":["post-24725","product","type-product","status-publish","has-post-thumbnail","hentry","product_cat-productos","product_cat-oficina","product_cat-relojes"],"acf":[],"_links":{"self":[{"href":"https:\/\/bgbideas.com.ar\/merchandising\/wp-json\/wp\/v2\/product\/24725","targetHints":{"allow":["GET"]}}],"collection":[{"href":"https:\/\/bgbideas.com.ar\/merchandising\/wp-json\/wp\/v2\/product"}],"about":[{"href":"https:\/\/bgbideas.com.ar\/merchandising\/wp-json\/wp\/v2\/types\/product"}],"version-history":[{"count":3,"href":"https:\/\/bgbideas.com.ar\/merchandising\/wp-json\/wp\/v2\/product\/24725\/revisions"}],"predecessor-version":[{"id":24838,"href":"https:\/\/bgbideas.com.ar\/merchandising\/wp-json\/wp\/v2\/product\/24725\/revisions\/24838"}],"wp:featuredmedia":[{"embeddable":true,"href":"https:\/\/bgbideas.com.ar\/merchandising\/wp-json\/wp\/v2\/media\/24776"}],"wp:attachment":[{"href":"https:\/\/bgbideas.com.ar\/merchandising\/wp-json\/wp\/v2\/media?parent=24725"}],"wp:term":[{"taxonomy":"product_cat","embeddable":true,"href":"https:\/\/bgbideas.com.ar\/merchandising\/wp-json\/wp\/v2\/product_cat?post=24725"},{"taxonomy":"product_tag","embeddable":true,"href":"https:\/\/bgbideas.com.ar\/merchandising\/wp-json\/wp\/v2\/product_tag?post=24725"}],"curies":[{"name":"wp","href":"https:\/\/api.w.org\/{rel}","templated":true}]}}