{"id":22862,"date":"2024-09-17T15:36:47","date_gmt":"2024-09-17T15:36:47","guid":{"rendered":"https:\/\/bgbideas.com.ar\/merchandising\/?post_type=product&#038;p=22862"},"modified":"2024-09-18T16:03:42","modified_gmt":"2024-09-18T16:03:42","slug":"funda-para-notebook-ameri-zom","status":"publish","type":"product","link":"https:\/\/bgbideas.com.ar\/merchandising\/producto\/funda-para-notebook-ameri-zom\/","title":{"rendered":"Funda para Notebook Ameri ZOM"},"content":{"rendered":"<p><strong><span class=\"Y2IQFc\" lang=\"es\">Proteger su computadora port\u00e1til contra da\u00f1os no solo garantizar\u00e1 una larga vida \u00fatil, sino que tambi\u00e9n mantendr\u00e1 sus datos seguros.<br \/>\nCon nuestros dise\u00f1os delgados y livianos, facilita el guardado dentro de un bolso o mochila, llevando tu computadora a donde quieras que vayas.<\/span><\/strong><\/p>\n<p><strong>CARACTER\u00cdSTICAS<\/strong><\/p>\n<p>\u2013 Cuenta con un bolsillo con cierre frontal.<br \/>\n\u2013 Manija deslizable para traslado.<br \/>\n\u2013 Espuma interna de poliuretano anti golpe.<br \/>\n\u2013 Capacidad para notebooks de 14\u2033\u00a0 pulgadas<br \/>\n\u2013 Tela con tratamiento de impermeabilizacion para proteccion de liquidos<br \/>\n\u2013 Cierre de \u201cdoble v\u00eda\u201d.<br \/>\n\u2013 El interior es acolchonado y muy suave con una tela tipo \u201cpeluche\u201d para evitar raspones.<\/p>\n<p><strong>TAMA\u00d1OS<\/strong><br \/>\n<strong>ZF14-310J \u2013 14\u2033: 36 \/ 25,5 \/ 3,5 cm (LxWxH) (esta publicacion)<\/strong><\/p>\n<p><strong>MATERIAL<\/strong><br \/>\n\u2013 80% Polyester<br \/>\n\u2013 10% Espuma protectora de poliuretano<\/p>\n","protected":false},"excerpt":{"rendered":"<p>Proteger su computadora port\u00e1til contra da\u00f1os no solo garantizar\u00e1 una larga vida \u00fatil, sino que tambi\u00e9n mantendr\u00e1 sus datos seguros. Con nuestros dise\u00f1os delgados y livianos, facilita el guardado dentro de un bolso o mochila, llevando tu computadora a donde quieras que vayas. CARACTER\u00cdSTICAS \u2013 Cuenta con un bolsillo con cierre frontal. \u2013 Manija deslizable [&hellip;]<\/p>\n","protected":false},"featured_media":22864,"template":"","meta":{"_joinchat":[],"footnotes":""},"product_cat":[15,3101,3096,3128,2912,2944,3130],"product_tag":[],"class_list":["post-22862","product","type-product","status-publish","has-post-thumbnail","hentry","product_cat-productos","product_cat-accesorios","product_cat-maletin-morral","product_cat-marca","product_cat-marroquineria","product_cat-tecnologia","product_cat-zom"],"acf":[],"_links":{"self":[{"href":"https:\/\/bgbideas.com.ar\/merchandising\/wp-json\/wp\/v2\/product\/22862","targetHints":{"allow":["GET"]}}],"collection":[{"href":"https:\/\/bgbideas.com.ar\/merchandising\/wp-json\/wp\/v2\/product"}],"about":[{"href":"https:\/\/bgbideas.com.ar\/merchandising\/wp-json\/wp\/v2\/types\/product"}],"version-history":[{"count":0,"href":"https:\/\/bgbideas.com.ar\/merchandising\/wp-json\/wp\/v2\/product\/22862\/revisions"}],"wp:featuredmedia":[{"embeddable":true,"href":"https:\/\/bgbideas.com.ar\/merchandising\/wp-json\/wp\/v2\/media\/22864"}],"wp:attachment":[{"href":"https:\/\/bgbideas.com.ar\/merchandising\/wp-json\/wp\/v2\/media?parent=22862"}],"wp:term":[{"taxonomy":"product_cat","embeddable":true,"href":"https:\/\/bgbideas.com.ar\/merchandising\/wp-json\/wp\/v2\/product_cat?post=22862"},{"taxonomy":"product_tag","embeddable":true,"href":"https:\/\/bgbideas.com.ar\/merchandising\/wp-json\/wp\/v2\/product_tag?post=22862"}],"curies":[{"name":"wp","href":"https:\/\/api.w.org\/{rel}","templated":true}]}}