{"id":21347,"date":"2023-02-28T14:21:41","date_gmt":"2023-02-28T14:21:41","guid":{"rendered":"https:\/\/bgbideas.com.ar\/merchandising\/?post_type=product&#038;p=21347"},"modified":"2024-08-22T18:36:53","modified_gmt":"2024-08-22T18:36:53","slug":"kit-de-utiles-eco","status":"publish","type":"product","link":"https:\/\/bgbideas.com.ar\/merchandising\/producto\/kit-de-utiles-eco\/","title":{"rendered":"Kit de \u00fatiles eco"},"content":{"rendered":"<ul>\n<li>Birome de cart\u00f3n personalizada (grabado l\u00e1ser)<\/li>\n<li>L\u00e1piz Plantable personalizado (grabado l\u00e1ser)<\/li>\n<li>Regla de madera personalizada (grabado l\u00e1ser)<\/li>\n<li>Sacapuntas de madera<\/li>\n<li>Goma<\/li>\n<li>Estuche de cart\u00f3n 100% reciclable personalizado<\/li>\n<li>Opcional: cartuchera de lienzo 100% algod\u00f3n personalizada full color<\/li>\n<\/ul>\n","protected":false},"excerpt":{"rendered":"<p>Birome de cart\u00f3n personalizada (grabado l\u00e1ser) L\u00e1piz Plantable personalizado (grabado l\u00e1ser) Regla de madera personalizada (grabado l\u00e1ser) Sacapuntas de madera Goma Estuche de cart\u00f3n 100% reciclable personalizado Opcional: cartuchera de lienzo 100% algod\u00f3n personalizada full color<\/p>\n","protected":false},"featured_media":21348,"template":"","meta":{"_joinchat":[],"footnotes":""},"product_cat":[2949,2955,3099,2934],"product_tag":[],"class_list":["post-21347","product","type-product","status-publish","has-post-thumbnail","hentry","product_cat-ecologicos","product_cat-escolares","product_cat-libreria-accesorios","product_cat-oficina"],"acf":[],"_links":{"self":[{"href":"https:\/\/bgbideas.com.ar\/merchandising\/wp-json\/wp\/v2\/product\/21347","targetHints":{"allow":["GET"]}}],"collection":[{"href":"https:\/\/bgbideas.com.ar\/merchandising\/wp-json\/wp\/v2\/product"}],"about":[{"href":"https:\/\/bgbideas.com.ar\/merchandising\/wp-json\/wp\/v2\/types\/product"}],"version-history":[{"count":0,"href":"https:\/\/bgbideas.com.ar\/merchandising\/wp-json\/wp\/v2\/product\/21347\/revisions"}],"wp:featuredmedia":[{"embeddable":true,"href":"https:\/\/bgbideas.com.ar\/merchandising\/wp-json\/wp\/v2\/media\/21348"}],"wp:attachment":[{"href":"https:\/\/bgbideas.com.ar\/merchandising\/wp-json\/wp\/v2\/media?parent=21347"}],"wp:term":[{"taxonomy":"product_cat","embeddable":true,"href":"https:\/\/bgbideas.com.ar\/merchandising\/wp-json\/wp\/v2\/product_cat?post=21347"},{"taxonomy":"product_tag","embeddable":true,"href":"https:\/\/bgbideas.com.ar\/merchandising\/wp-json\/wp\/v2\/product_tag?post=21347"}],"curies":[{"name":"wp","href":"https:\/\/api.w.org\/{rel}","templated":true}]}}