{"id":21343,"date":"2023-02-28T14:17:33","date_gmt":"2023-02-28T14:17:33","guid":{"rendered":"https:\/\/bgbideas.com.ar\/merchandising\/?post_type=product&#038;p=21343"},"modified":"2024-08-22T18:37:32","modified_gmt":"2024-08-22T18:37:32","slug":"lapiz-plantable","status":"publish","type":"product","link":"https:\/\/bgbideas.com.ar\/merchandising\/producto\/lapiz-plantable\/","title":{"rendered":"L\u00e1piz Plantable"},"content":{"rendered":"<p>Amplia variedad de semillas disponibles.<\/p>\n<p>Personalizaci\u00f3n: grabado l\u00e1ser<\/p>\n<p>Opcional: bl\u00edster de papel kraft personalizado (impresi\u00f3n full color)<\/p>\n","protected":false},"excerpt":{"rendered":"<p>Amplia variedad de semillas disponibles. Personalizaci\u00f3n: grabado l\u00e1ser Opcional: bl\u00edster de papel kraft personalizado (impresi\u00f3n full color)<\/p>\n","protected":false},"featured_media":21345,"template":"","meta":{"_joinchat":[],"footnotes":""},"product_cat":[2949,2955,3099,2934],"product_tag":[],"class_list":["post-21343","product","type-product","status-publish","has-post-thumbnail","hentry","product_cat-ecologicos","product_cat-escolares","product_cat-libreria-accesorios","product_cat-oficina"],"acf":[],"_links":{"self":[{"href":"https:\/\/bgbideas.com.ar\/merchandising\/wp-json\/wp\/v2\/product\/21343","targetHints":{"allow":["GET"]}}],"collection":[{"href":"https:\/\/bgbideas.com.ar\/merchandising\/wp-json\/wp\/v2\/product"}],"about":[{"href":"https:\/\/bgbideas.com.ar\/merchandising\/wp-json\/wp\/v2\/types\/product"}],"version-history":[{"count":0,"href":"https:\/\/bgbideas.com.ar\/merchandising\/wp-json\/wp\/v2\/product\/21343\/revisions"}],"wp:featuredmedia":[{"embeddable":true,"href":"https:\/\/bgbideas.com.ar\/merchandising\/wp-json\/wp\/v2\/media\/21345"}],"wp:attachment":[{"href":"https:\/\/bgbideas.com.ar\/merchandising\/wp-json\/wp\/v2\/media?parent=21343"}],"wp:term":[{"taxonomy":"product_cat","embeddable":true,"href":"https:\/\/bgbideas.com.ar\/merchandising\/wp-json\/wp\/v2\/product_cat?post=21343"},{"taxonomy":"product_tag","embeddable":true,"href":"https:\/\/bgbideas.com.ar\/merchandising\/wp-json\/wp\/v2\/product_tag?post=21343"}],"curies":[{"name":"wp","href":"https:\/\/api.w.org\/{rel}","templated":true}]}}