{"id":20039,"date":"2022-02-01T02:49:08","date_gmt":"2022-02-01T02:49:08","guid":{"rendered":"https:\/\/bgbideas.com.ar\/merchandising\/producto\/llavero-metalico\/"},"modified":"2023-05-28T22:07:08","modified_gmt":"2023-05-28T22:07:08","slug":"llavero-metalico","status":"publish","type":"product","link":"https:\/\/bgbideas.com.ar\/merchandising\/producto\/llavero-metalico\/","title":{"rendered":"Llavero met\u00e1lico"},"content":{"rendered":"<p>llavero met\u00e1lico con detalles en puntas de pl\u00e1stico color verde. Ideal para uso cotidiano (J818)<\/p>\n","protected":false},"excerpt":{"rendered":"<p>Con detalles de color verde<\/p>\n","protected":false},"featured_media":20039,"template":"","meta":{"_joinchat":[],"footnotes":""},"product_cat":[15],"product_tag":[],"class_list":["post-20039","product","type-product","status-publish","has-post-thumbnail","hentry","product_cat-productos"],"acf":[],"_links":{"self":[{"href":"https:\/\/bgbideas.com.ar\/merchandising\/wp-json\/wp\/v2\/product\/20039","targetHints":{"allow":["GET"]}}],"collection":[{"href":"https:\/\/bgbideas.com.ar\/merchandising\/wp-json\/wp\/v2\/product"}],"about":[{"href":"https:\/\/bgbideas.com.ar\/merchandising\/wp-json\/wp\/v2\/types\/product"}],"version-history":[{"count":0,"href":"https:\/\/bgbideas.com.ar\/merchandising\/wp-json\/wp\/v2\/product\/20039\/revisions"}],"wp:featuredmedia":[{"embeddable":true,"href":"https:\/\/bgbideas.com.ar\/merchandising\/wp-json\/wp\/v2\/product\/20039"}],"wp:attachment":[{"href":"https:\/\/bgbideas.com.ar\/merchandising\/wp-json\/wp\/v2\/media?parent=20039"}],"wp:term":[{"taxonomy":"product_cat","embeddable":true,"href":"https:\/\/bgbideas.com.ar\/merchandising\/wp-json\/wp\/v2\/product_cat?post=20039"},{"taxonomy":"product_tag","embeddable":true,"href":"https:\/\/bgbideas.com.ar\/merchandising\/wp-json\/wp\/v2\/product_tag?post=20039"}],"curies":[{"name":"wp","href":"https:\/\/api.w.org\/{rel}","templated":true}]}}