{"id":20036,"date":"2022-02-01T02:49:07","date_gmt":"2022-02-01T02:49:07","guid":{"rendered":"https:\/\/bgbideas.com.ar\/merchandising\/producto\/linterna-smart\/"},"modified":"2024-08-27T13:53:12","modified_gmt":"2024-08-27T13:53:12","slug":"linterna-smart","status":"publish","type":"product","link":"https:\/\/bgbideas.com.ar\/merchandising\/producto\/linterna-smart\/","title":{"rendered":"Linterna smart"},"content":{"rendered":"<p>Reproductor de m\u00fasica: parlante ac\u00fastico 2W, radio FM, control volumen. Soporta Micro SD (2 a 16 GB) Funci\u00f3n linterna y luz intermitente. No incluye pilas (J179)<\/p>\n","protected":false},"excerpt":{"rendered":"<p>Con indicador LED encendido y de carga<\/p>\n","protected":false},"featured_media":20036,"template":"","meta":{"_joinchat":[],"footnotes":""},"product_cat":[15,2925,3108],"product_tag":[],"class_list":["post-20036","product","type-product","status-publish","has-post-thumbnail","hentry","product_cat-productos","product_cat-hogar-y-tiempo-libre","product_cat-linternas-herramientas"],"acf":[],"_links":{"self":[{"href":"https:\/\/bgbideas.com.ar\/merchandising\/wp-json\/wp\/v2\/product\/20036","targetHints":{"allow":["GET"]}}],"collection":[{"href":"https:\/\/bgbideas.com.ar\/merchandising\/wp-json\/wp\/v2\/product"}],"about":[{"href":"https:\/\/bgbideas.com.ar\/merchandising\/wp-json\/wp\/v2\/types\/product"}],"version-history":[{"count":0,"href":"https:\/\/bgbideas.com.ar\/merchandising\/wp-json\/wp\/v2\/product\/20036\/revisions"}],"wp:featuredmedia":[{"embeddable":true,"href":"https:\/\/bgbideas.com.ar\/merchandising\/wp-json\/wp\/v2\/product\/20036"}],"wp:attachment":[{"href":"https:\/\/bgbideas.com.ar\/merchandising\/wp-json\/wp\/v2\/media?parent=20036"}],"wp:term":[{"taxonomy":"product_cat","embeddable":true,"href":"https:\/\/bgbideas.com.ar\/merchandising\/wp-json\/wp\/v2\/product_cat?post=20036"},{"taxonomy":"product_tag","embeddable":true,"href":"https:\/\/bgbideas.com.ar\/merchandising\/wp-json\/wp\/v2\/product_tag?post=20036"}],"curies":[{"name":"wp","href":"https:\/\/api.w.org\/{rel}","templated":true}]}}