{"id":18816,"date":"2022-02-01T02:35:47","date_gmt":"2022-02-01T02:35:47","guid":{"rendered":"https:\/\/bgbideas.com.ar\/merchandising\/producto\/localizador-de-llaves\/"},"modified":"2026-04-03T03:02:15","modified_gmt":"2026-04-03T03:02:15","slug":"localizador-de-llaves","status":"publish","type":"product","link":"https:\/\/bgbideas.com.ar\/merchandising\/producto\/localizador-de-llaves\/","title":{"rendered":"LOCALIZADOR DE LLAVES"},"content":{"rendered":"<p>Este Mini localizador se monitorea con una aplicaci\u00f3n que se descarga en el celular. Desde esta aplicacion podremos tener el control sobre aquello donde nuestro mini localizador este ubicado.<\/p>\n<p>Caracter\u00edsticas T\u00e9cnicas:<br \/>\nbluetooth 4.0<br \/>\nDistancia de alcance: hasta 10 metros<br \/>\nN\u00famero de localizadores : hasta 10 al mismo tiempo y en el mismo celular<br \/>\nBater\u00eda: CR2032 (<strong>NO INCLUIDAS<\/strong>)<br \/>\nTambien sirve para localizar nuestro celular y tambien sirve como disparador de nuestra c\u00e1mara smartphone.<\/p>\n","protected":false},"excerpt":{"rendered":"<p>Este Mini localizador se monitorea con una aplicaci\u00f3n que se descarga en el celular. Desde esta aplicacion podremos tener el control sobre aquello donde nuestro mini localizador este ubicado. Caracter\u00edsticas T\u00e9cnicas: bluetooth 4.0 Distancia de alcance: hasta 10 metros N\u00famero de localizadores : hasta 10 al mismo tiempo y en el mismo celular Bater\u00eda: CR2032 [&hellip;]<\/p>\n","protected":false},"featured_media":18816,"template":"","meta":{"_joinchat":[],"footnotes":""},"product_cat":[15,3101,2927,2925,2944],"product_tag":[],"class_list":["post-18816","product","type-product","status-publish","has-post-thumbnail","hentry","product_cat-productos","product_cat-accesorios","product_cat-accesorios-para-viajes","product_cat-hogar-y-tiempo-libre","product_cat-tecnologia"],"acf":[],"_links":{"self":[{"href":"https:\/\/bgbideas.com.ar\/merchandising\/wp-json\/wp\/v2\/product\/18816","targetHints":{"allow":["GET"]}}],"collection":[{"href":"https:\/\/bgbideas.com.ar\/merchandising\/wp-json\/wp\/v2\/product"}],"about":[{"href":"https:\/\/bgbideas.com.ar\/merchandising\/wp-json\/wp\/v2\/types\/product"}],"version-history":[{"count":0,"href":"https:\/\/bgbideas.com.ar\/merchandising\/wp-json\/wp\/v2\/product\/18816\/revisions"}],"wp:featuredmedia":[{"embeddable":true,"href":"https:\/\/bgbideas.com.ar\/merchandising\/wp-json\/wp\/v2\/product\/18816"}],"wp:attachment":[{"href":"https:\/\/bgbideas.com.ar\/merchandising\/wp-json\/wp\/v2\/media?parent=18816"}],"wp:term":[{"taxonomy":"product_cat","embeddable":true,"href":"https:\/\/bgbideas.com.ar\/merchandising\/wp-json\/wp\/v2\/product_cat?post=18816"},{"taxonomy":"product_tag","embeddable":true,"href":"https:\/\/bgbideas.com.ar\/merchandising\/wp-json\/wp\/v2\/product_tag?post=18816"}],"curies":[{"name":"wp","href":"https:\/\/api.w.org\/{rel}","templated":true}]}}