{"id":18803,"date":"2022-02-01T02:35:45","date_gmt":"2022-02-01T02:35:45","guid":{"rendered":"https:\/\/bgbideas.com.ar\/merchandising\/producto\/libreta-post-it-crabis\/"},"modified":"2026-04-08T03:02:01","modified_gmt":"2026-04-08T03:02:01","slug":"libreta-post-it-crabis","status":"publish","type":"product","link":"https:\/\/bgbideas.com.ar\/merchandising\/producto\/libreta-post-it-crabis\/","title":{"rendered":"LIBRETA POST IT CRABIS"},"content":{"rendered":"<p>Libreta eco con espiral<br \/>\nTapa de pl\u00e1stico flexible translucido<br \/>\nIncluye bol\u00edgrafo retr\u00e1ctil eco<br \/>\ncontiene<br \/>\n1 block de 70 hojas lisas<br \/>\n1 block de hojas post it 9 x 7,5 cm<br \/>\n1 block de hojas post it 7,5 x 4,5 cm<br \/>\n5 mini block hojas post it 4,5 x 1,5 cm<\/p>\n","protected":false},"excerpt":{"rendered":"<p>Libreta eco con espiral Tapa de pl\u00e1stico flexible translucido Incluye bol\u00edgrafo retr\u00e1ctil eco contiene 1 block de 70 hojas lisas 1 block de hojas post it 9 x 7,5 cm 1 block de hojas post it 7,5 x 4,5 cm 5 mini block hojas post it 4,5 x 1,5 cm<\/p>\n","protected":false},"featured_media":18803,"template":"","meta":{"_joinchat":[],"footnotes":""},"product_cat":[15,3098,2955,2934],"product_tag":[],"class_list":["post-18803","product","type-product","status-publish","has-post-thumbnail","hentry","product_cat-productos","product_cat-cuadernos-anotadores","product_cat-escolares","product_cat-oficina"],"acf":[],"_links":{"self":[{"href":"https:\/\/bgbideas.com.ar\/merchandising\/wp-json\/wp\/v2\/product\/18803","targetHints":{"allow":["GET"]}}],"collection":[{"href":"https:\/\/bgbideas.com.ar\/merchandising\/wp-json\/wp\/v2\/product"}],"about":[{"href":"https:\/\/bgbideas.com.ar\/merchandising\/wp-json\/wp\/v2\/types\/product"}],"version-history":[{"count":0,"href":"https:\/\/bgbideas.com.ar\/merchandising\/wp-json\/wp\/v2\/product\/18803\/revisions"}],"wp:featuredmedia":[{"embeddable":true,"href":"https:\/\/bgbideas.com.ar\/merchandising\/wp-json\/wp\/v2\/product\/18803"}],"wp:attachment":[{"href":"https:\/\/bgbideas.com.ar\/merchandising\/wp-json\/wp\/v2\/media?parent=18803"}],"wp:term":[{"taxonomy":"product_cat","embeddable":true,"href":"https:\/\/bgbideas.com.ar\/merchandising\/wp-json\/wp\/v2\/product_cat?post=18803"},{"taxonomy":"product_tag","embeddable":true,"href":"https:\/\/bgbideas.com.ar\/merchandising\/wp-json\/wp\/v2\/product_tag?post=18803"}],"curies":[{"name":"wp","href":"https:\/\/api.w.org\/{rel}","templated":true}]}}