{"id":18750,"date":"2022-02-01T02:35:35","date_gmt":"2022-02-01T02:35:35","guid":{"rendered":"https:\/\/bgbideas.com.ar\/merchandising\/producto\/mascarilla-promocional\/"},"modified":"2026-04-03T03:02:07","modified_gmt":"2026-04-03T03:02:07","slug":"mascarilla-promocional","status":"publish","type":"product","link":"https:\/\/bgbideas.com.ar\/merchandising\/producto\/mascarilla-promocional\/","title":{"rendered":"MASCARILLA PROMOCIONAL"},"content":{"rendered":"<p>Mascarilla\u00a0 promocional<\/p>\n<p>FABRICACI\u00d3N NACIONAL<\/p>\n<p>Amplia cobertura facial<\/p>\n<p>visibilidad 98%<\/p>\n<p>Pr\u00e1ctica, c\u00f3moda, flexible para guardar y trasladar.<\/p>\n<p>Confeccionada en tela pl\u00e1stica soldada 350 micrones.<\/p>\n<p>Variedad de colores de la vincha (azul-rojo-blanco-negro-gris-transparente)<\/p>\n<p>F\u00e1cil colocaci\u00f3n de logo (serigraf\u00eda)<\/p>\n<p><strong>Nota<\/strong>: Stock disponible x pedido. Tiempo de entrega 5 d\u00edas.<\/p>\n","protected":false},"excerpt":{"rendered":"<p>Mascarilla\u00a0 promocional FABRICACI\u00d3N NACIONAL Amplia cobertura facial visibilidad 98% Pr\u00e1ctica, c\u00f3moda, flexible para guardar y trasladar. Confeccionada en tela pl\u00e1stica soldada 350 micrones. Variedad de colores de la vincha (azul-rojo-blanco-negro-gris-transparente) F\u00e1cil colocaci\u00f3n de logo (serigraf\u00eda) Nota: Stock disponible x pedido. Tiempo de entrega 5 d\u00edas.<\/p>\n","protected":false},"featured_media":18750,"template":"","meta":{"_joinchat":[],"footnotes":""},"product_cat":[15,2921],"product_tag":[],"class_list":["post-18750","product","type-product","status-publish","has-post-thumbnail","hentry","product_cat-productos","product_cat-cuidado-personal"],"acf":[],"_links":{"self":[{"href":"https:\/\/bgbideas.com.ar\/merchandising\/wp-json\/wp\/v2\/product\/18750","targetHints":{"allow":["GET"]}}],"collection":[{"href":"https:\/\/bgbideas.com.ar\/merchandising\/wp-json\/wp\/v2\/product"}],"about":[{"href":"https:\/\/bgbideas.com.ar\/merchandising\/wp-json\/wp\/v2\/types\/product"}],"version-history":[{"count":0,"href":"https:\/\/bgbideas.com.ar\/merchandising\/wp-json\/wp\/v2\/product\/18750\/revisions"}],"wp:featuredmedia":[{"embeddable":true,"href":"https:\/\/bgbideas.com.ar\/merchandising\/wp-json\/wp\/v2\/product\/18750"}],"wp:attachment":[{"href":"https:\/\/bgbideas.com.ar\/merchandising\/wp-json\/wp\/v2\/media?parent=18750"}],"wp:term":[{"taxonomy":"product_cat","embeddable":true,"href":"https:\/\/bgbideas.com.ar\/merchandising\/wp-json\/wp\/v2\/product_cat?post=18750"},{"taxonomy":"product_tag","embeddable":true,"href":"https:\/\/bgbideas.com.ar\/merchandising\/wp-json\/wp\/v2\/product_tag?post=18750"}],"curies":[{"name":"wp","href":"https:\/\/api.w.org\/{rel}","templated":true}]}}